{"id":1709,"date":"2023-12-27T10:40:55","date_gmt":"2023-12-27T14:40:55","guid":{"rendered":"https:\/\/balikasa.com\/wp\/?page_id=1709"},"modified":"2024-01-12T07:07:27","modified_gmt":"2024-01-12T11:07:27","slug":"nuestra-historia","status":"publish","type":"page","link":"https:\/\/balikasa.com\/?page_id=1709","title":{"rendered":"Nuestra Historia"},"content":{"rendered":"\t\t<div data-elementor-type=\"wp-page\" data-elementor-id=\"1709\" class=\"elementor elementor-1709\">\n\t\t\t\t\t\t\t<div class=\"elementor-element elementor-element-27c8a7f e-con-full e-flex e-con e-parent\" data-id=\"27c8a7f\" data-element_type=\"container\" data-settings=\"{&quot;content_width&quot;:&quot;full&quot;,&quot;background_background&quot;:&quot;classic&quot;,&quot;shape_divider_top&quot;:&quot;clouds&quot;}\" data-core-v316-plus=\"true\">\n\t\t\t\t<div class=\"elementor-shape elementor-shape-top\" data-negative=\"false\">\n\t\t\t<svg xmlns=\"http:\/\/www.w3.org\/2000\/svg\" viewBox=\"0 0 283.5 27.8\" preserveAspectRatio=\"xMidYMax slice\">\n  <path class=\"elementor-shape-fill\" d=\"M0 0v6.7c1.9-.8 4.7-1.4 8.5-1 9.5 1.1 11.1 6 11.1 6s2.1-.7 4.3-.2c2.1.5 2.8 2.6 2.8 2.6s.2-.5 1.4-.7c1.2-.2 1.7.2 1.7.2s0-2.1 1.9-2.8c1.9-.7 3.6.7 3.6.7s.7-2.9 3.1-4.1 4.7 0 4.7 0 1.2-.5 2.4 0 1.7 1.4 1.7 1.4h1.4c.7 0 1.2.7 1.2.7s.8-1.8 4-2.2c3.5-.4 5.3 2.4 6.2 4.4.4-.4 1-.7 1.8-.9 2.8-.7 4 .7 4 .7s1.7-5 11.1-6c9.5-1.1 12.3 3.9 12.3 3.9s1.2-4.8 5.7-5.7c4.5-.9 6.8 1.8 6.8 1.8s.6-.6 1.5-.9c.9-.2 1.9-.2 1.9-.2s5.2-6.4 12.6-3.3c7.3 3.1 4.7 9 4.7 9s1.9-.9 4 0 2.8 2.4 2.8 2.4 1.9-1.2 4.5-1.2 4.3 1.2 4.3 1.2.2-1 1.4-1.7 2.1-.7 2.1-.7-.5-3.1 2.1-5.5 5.7-1.4 5.7-1.4 1.5-2.3 4.2-1.1c2.7 1.2 1.7 5.2 1.7 5.2s.3-.1 1.3.5c.5.4.8.8.9 1.1.5-1.4 2.4-5.8 8.4-4 7.1 2.1 3.5 8.9 3.5 8.9s.8-.4 2 0 1.1 1.1 1.1 1.1 1.1-1.1 2.3-1.1 2.1.5 2.1.5 1.9-3.6 6.2-1.2 1.9 6.4 1.9 6.4 2.6-2.4 7.4 0c3.4 1.7 3.9 4.9 3.9 4.9s3.3-6.9 10.4-7.9 11.5 2.6 11.5 2.6.8 0 1.2.2c.4.2.9.9.9.9s4.4-3.1 8.3.2c1.9 1.7 1.5 5 1.5 5s.3-1.1 1.6-1.4c1.3-.3 2.3.2 2.3.2s-.1-1.2.5-1.9 1.9-.9 1.9-.9-4.7-9.3 4.4-13.4c5.6-2.5 9.2.9 9.2.9s5-6.2 15.9-6.2 16.1 8.1 16.1 8.1.7-.2 1.6-.4V0H0z\"\/>\n<\/svg>\n\t\t<\/div>\n\t\t<div class=\"elementor-element elementor-element-21e66a1 e-con-full e-flex e-con e-child\" data-id=\"21e66a1\" data-element_type=\"container\" data-settings=\"{&quot;content_width&quot;:&quot;full&quot;}\">\n\t\t\t\t<div class=\"elementor-element elementor-element-96b5434 elementor-widget__width-initial elementor-widget elementor-widget-heading\" data-id=\"96b5434\" data-element_type=\"widget\" data-widget_type=\"heading.default\">\n\t\t\t\t<div class=\"elementor-widget-container\">\n\t\t\t<style>\/*! elementor - v3.18.0 - 20-12-2023 *\/\n.elementor-heading-title{padding:0;margin:0;line-height:1}.elementor-widget-heading .elementor-heading-title[class*=elementor-size-]>a{color:inherit;font-size:inherit;line-height:inherit}.elementor-widget-heading .elementor-heading-title.elementor-size-small{font-size:15px}.elementor-widget-heading .elementor-heading-title.elementor-size-medium{font-size:19px}.elementor-widget-heading .elementor-heading-title.elementor-size-large{font-size:29px}.elementor-widget-heading .elementor-heading-title.elementor-size-xl{font-size:39px}.elementor-widget-heading .elementor-heading-title.elementor-size-xxl{font-size:59px}<\/style><h2 class=\"elementor-heading-title elementor-size-default\">C\u00f3mo empez\u00f3<\/h2>\t\t<\/div>\n\t\t\t\t<\/div>\n\t\t\t\t<div class=\"elementor-element elementor-element-ebbee65 elementor-widget elementor-widget-text-editor\" data-id=\"ebbee65\" data-element_type=\"widget\" data-widget_type=\"text-editor.default\">\n\t\t\t\t<div class=\"elementor-widget-container\">\n\t\t\t<style>\/*! elementor - v3.18.0 - 20-12-2023 *\/\n.elementor-widget-text-editor.elementor-drop-cap-view-stacked .elementor-drop-cap{background-color:#69727d;color:#fff}.elementor-widget-text-editor.elementor-drop-cap-view-framed .elementor-drop-cap{color:#69727d;border:3px solid;background-color:transparent}.elementor-widget-text-editor:not(.elementor-drop-cap-view-default) .elementor-drop-cap{margin-top:8px}.elementor-widget-text-editor:not(.elementor-drop-cap-view-default) .elementor-drop-cap-letter{width:1em;height:1em}.elementor-widget-text-editor .elementor-drop-cap{float:left;text-align:center;line-height:1;font-size:50px}.elementor-widget-text-editor .elementor-drop-cap-letter{display:inline-block}<\/style>\t\t\t\t<div class=\"flex-1 overflow-hidden\"><div class=\"react-scroll-to-bottom--css-bmili-79elbk h-full\"><div class=\"react-scroll-to-bottom--css-bmili-1n7m0yu\"><div class=\"flex flex-col pb-9 text-sm\"><div class=\"w-full text-token-text-primary\" data-testid=\"conversation-turn-11\"><div class=\"px-4 py-2 justify-center text-base md:gap-6 m-auto\"><div class=\"flex flex-1 text-base mx-auto gap-3 md:px-5 lg:px-1 xl:px-5 md:max-w-3xl lg:max-w-[40rem] xl:max-w-[48rem] group final-completion\"><div class=\"relative flex w-full flex-col lg:w-[calc(100%-115px)] agent-turn\"><div class=\"flex-col gap-1 md:gap-3\"><div class=\"mt-1 flex justify-start gap-3 empty:hidden\"><div class=\"text-gray-400 flex self-end lg:self-center justify-center lg:justify-start mt-0 gap-1 visible\"><div class=\"flex gap-1\"><p>Hace siete a\u00f1os, nuestra aventura comenz\u00f3 durante unas inolvidables vacaciones en Bali, Indonesia, marcando nuestra primera experiencia en esta isla encantadora. Caminando por las calles de Ubud, nos detenemos a mirar un artesano trabajando. La dedicaci\u00f3n y destreza de ese modesto artesano dejaron una huella imborrable en nosotros. Nos enamoramos de la isla, de su gente, de sus culturas, y, sobre todo, de sus artesan\u00edas, muebles y decoraciones. En cada viaje, trajimos una pieza para adornar nuestros hogares, so\u00f1ando en ocasiones con llevarnos un contenedor completo.\u00a0<\/p><p>Finalmente, siete a\u00f1os despu\u00e9s, tras vivir seis meses en esa hermosa isla, nuestro sue\u00f1o se hizo realidad. As\u00ed naci\u00f3 Balikasa, una empresa de importaci\u00f3n para ventas al por mayor.<\/p><\/div><\/div><\/div><\/div><\/div><\/div><\/div><\/div><\/div><\/div><\/div><\/div><div class=\"w-full pt-2 md:pt-0 dark:border-white\/20 md:border-transparent md:dark:border-transparent md:w-[calc(100%-.5rem)]\"><form class=\"stretch mx-2 flex flex-row gap-3 last:mb-2 md:mx-4 md:last:mb-6 lg:mx-auto lg:max-w-2xl xl:max-w-3xl\"><div class=\"relative flex h-full flex-1 items-stretch md:flex-col\"><div class=\"flex w-full items-center\">\u00a0<\/div><\/div><\/form><\/div>\t\t\t\t\t\t<\/div>\n\t\t\t\t<\/div>\n\t\t\t\t<div class=\"elementor-element elementor-element-c4eef2c elementor-widget elementor-widget-image\" data-id=\"c4eef2c\" data-element_type=\"widget\" data-widget_type=\"image.default\">\n\t\t\t\t<div class=\"elementor-widget-container\">\n\t\t\t<style>\/*! elementor - v3.18.0 - 20-12-2023 *\/\n.elementor-widget-image{text-align:center}.elementor-widget-image a{display:inline-block}.elementor-widget-image a img[src$=\".svg\"]{width:48px}.elementor-widget-image img{vertical-align:middle;display:inline-block}<\/style>\t\t\t\t\t\t\t\t\t\t\t\t<img fetchpriority=\"high\" decoding=\"async\" width=\"1024\" height=\"768\" src=\"https:\/\/balikasa.com\/wp-content\/uploads\/2024\/01\/sandrabienvobali-1024x768.jpg\" class=\"attachment-large size-large wp-image-2147\" alt=\"\" srcset=\"https:\/\/balikasa.com\/wp-content\/uploads\/2024\/01\/sandrabienvobali-1024x768.jpg 1024w, https:\/\/balikasa.com\/wp-content\/uploads\/2024\/01\/sandrabienvobali-300x225.jpg 300w, https:\/\/balikasa.com\/wp-content\/uploads\/2024\/01\/sandrabienvobali-768x576.jpg 768w, https:\/\/balikasa.com\/wp-content\/uploads\/2024\/01\/sandrabienvobali-1536x1152.jpg 1536w, https:\/\/balikasa.com\/wp-content\/uploads\/2024\/01\/sandrabienvobali.jpg 1600w\" sizes=\"(max-width: 1024px) 100vw, 1024px\" \/>\t\t\t\t\t\t\t\t\t\t\t\t\t\t\t<\/div>\n\t\t\t\t<\/div>\n\t\t\t\t<div class=\"elementor-element elementor-element-3c5a1f9 elementor-widget elementor-widget-image\" data-id=\"3c5a1f9\" data-element_type=\"widget\" data-widget_type=\"image.default\">\n\t\t\t\t<div class=\"elementor-widget-container\">\n\t\t\t\t\t\t\t\t\t\t\t\t\t\t\t<img decoding=\"async\" width=\"1024\" height=\"768\" src=\"https:\/\/balikasa.com\/wp-content\/uploads\/2023\/12\/bienvore-1024x768.jpg\" class=\"attachment-large size-large wp-image-1987\" alt=\"\" srcset=\"https:\/\/balikasa.com\/wp-content\/uploads\/2023\/12\/bienvore-1024x768.jpg 1024w, https:\/\/balikasa.com\/wp-content\/uploads\/2023\/12\/bienvore-300x225.jpg 300w, https:\/\/balikasa.com\/wp-content\/uploads\/2023\/12\/bienvore-768x576.jpg 768w, https:\/\/balikasa.com\/wp-content\/uploads\/2023\/12\/bienvore-1536x1152.jpg 1536w\" sizes=\"(max-width: 1024px) 100vw, 1024px\" \/>\t\t\t\t\t\t\t\t\t\t\t\t\t\t\t<\/div>\n\t\t\t\t<\/div>\n\t\t\t\t<\/div>\n\t\t<div class=\"elementor-element elementor-element-62412ac e-con-full e-flex e-con e-child\" data-id=\"62412ac\" data-element_type=\"container\" data-settings=\"{&quot;content_width&quot;:&quot;full&quot;}\">\n\t\t\t\t<div class=\"elementor-element elementor-element-17271e2 elementor-widget elementor-widget-heading\" data-id=\"17271e2\" data-element_type=\"widget\" data-widget_type=\"heading.default\">\n\t\t\t\t<div class=\"elementor-widget-container\">\n\t\t\t<h2 class=\"elementor-heading-title elementor-size-default\">Lo que hacemos.<\/h2>\t\t<\/div>\n\t\t\t\t<\/div>\n\t\t\t\t<div class=\"elementor-element elementor-element-3c1be41 elementor-widget elementor-widget-text-editor\" data-id=\"3c1be41\" data-element_type=\"widget\" data-widget_type=\"text-editor.default\">\n\t\t\t\t<div class=\"elementor-widget-container\">\n\t\t\t\t\t\t\t<div class=\"flex-1 overflow-hidden\"><div class=\"react-scroll-to-bottom--css-bmili-79elbk h-full\"><div class=\"react-scroll-to-bottom--css-bmili-1n7m0yu\"><div class=\"flex flex-col pb-9 text-sm\"><div class=\"w-full text-token-text-primary\" data-testid=\"conversation-turn-11\"><div class=\"px-4 py-2 justify-center text-base md:gap-6 m-auto\"><div class=\"flex flex-1 text-base mx-auto gap-3 md:px-5 lg:px-1 xl:px-5 md:max-w-3xl lg:max-w-[40rem] xl:max-w-[48rem] group final-completion\"><div class=\"relative flex w-full flex-col lg:w-[calc(100%-115px)] agent-turn\"><div class=\"flex-col gap-1 md:gap-3\"><div class=\"mt-1 flex justify-start gap-3 empty:hidden\"><div class=\"text-gray-400 flex self-end lg:self-center justify-center lg:justify-start mt-0 gap-1 visible\"><div class=\"flex gap-1\"><p>En Balikasa, nos sumergimos profundamente en cada faceta de nuestros muebles y piezas decorativas: desde colaborar con artesanos locales en conceptos de dise\u00f1o hasta supervisar la fabricaci\u00f3n y asegurar una entrega impecable.<\/p><p>A medida que el mundo del dise\u00f1o de interiores evoluciona, mantenemos una posici\u00f3n destacada, alineando nuestros productos exclusivos con las \u00faltimas tendencias.<\/p><p>Te invitamos a adentrarte en nuestro mundo de pasi\u00f3n y artesan\u00eda en Balikasa.\u00a0<\/p><p>Bienvenido!<\/p><\/div><div class=\"flex items-center gap-1.5 text-xs\">\u00a0<\/div><\/div><\/div><\/div><div class=\"absolute\"><div class=\"flex w-full gap-2 items-center justify-center\">\u00a0<\/div><\/div><\/div><\/div><\/div><\/div><\/div><\/div><\/div><\/div><div class=\"w-full pt-2 md:pt-0 dark:border-white\/20 md:border-transparent md:dark:border-transparent md:w-[calc(100%-.5rem)]\"><form class=\"stretch mx-2 flex flex-row gap-3 last:mb-2 md:mx-4 md:last:mb-6 lg:mx-auto lg:max-w-2xl xl:max-w-3xl\"><div class=\"relative flex h-full flex-1 items-stretch md:flex-col\"><div class=\"flex w-full items-center\">\u00a0<\/div><\/div><\/form><\/div>\t\t\t\t\t\t<\/div>\n\t\t\t\t<\/div>\n\t\t\t\t<div class=\"elementor-element elementor-element-2e2cfb3 elementor-widget elementor-widget-image\" data-id=\"2e2cfb3\" data-element_type=\"widget\" data-widget_type=\"image.default\">\n\t\t\t\t<div class=\"elementor-widget-container\">\n\t\t\t\t\t\t\t\t\t\t\t\t\t\t\t<img decoding=\"async\" width=\"768\" height=\"1024\" src=\"https:\/\/balikasa.com\/wp-content\/uploads\/2024\/01\/descarga6-768x1024.jpg\" class=\"attachment-medium_large size-medium_large wp-image-2198\" alt=\"\" srcset=\"https:\/\/balikasa.com\/wp-content\/uploads\/2024\/01\/descarga6-768x1024.jpg 768w, https:\/\/balikasa.com\/wp-content\/uploads\/2024\/01\/descarga6-225x300.jpg 225w, https:\/\/balikasa.com\/wp-content\/uploads\/2024\/01\/descarga6-1152x1536.jpg 1152w, https:\/\/balikasa.com\/wp-content\/uploads\/2024\/01\/descarga6.jpg 1200w\" sizes=\"(max-width: 768px) 100vw, 768px\" \/>\t\t\t\t\t\t\t\t\t\t\t\t\t\t\t<\/div>\n\t\t\t\t<\/div>\n\t\t\t\t<\/div>\n\t\t\t\t<\/div>\n\t\t<div class=\"elementor-element elementor-element-9edd0aa e-con-full e-flex e-con e-parent\" data-id=\"9edd0aa\" data-element_type=\"container\" data-settings=\"{&quot;content_width&quot;:&quot;full&quot;,&quot;background_background&quot;:&quot;classic&quot;}\" data-core-v316-plus=\"true\">\n\t\t<div class=\"elementor-element elementor-element-f738ff1 e-con-full e-flex e-con e-child\" data-id=\"f738ff1\" data-element_type=\"container\" data-settings=\"{&quot;content_width&quot;:&quot;full&quot;}\">\n\t\t\t\t<div class=\"elementor-element elementor-element-acd7ee3 elementor-widget elementor-widget-image\" data-id=\"acd7ee3\" data-element_type=\"widget\" data-widget_type=\"image.default\">\n\t\t\t\t<div class=\"elementor-widget-container\">\n\t\t\t\t\t\t\t\t\t\t\t\t\t\t\t<img loading=\"lazy\" decoding=\"async\" width=\"768\" height=\"1024\" src=\"https:\/\/balikasa.com\/wp-content\/uploads\/2024\/01\/descarga1-768x1024.jpg\" class=\"attachment-large size-large wp-image-2194\" alt=\"\" srcset=\"https:\/\/balikasa.com\/wp-content\/uploads\/2024\/01\/descarga1-768x1024.jpg 768w, https:\/\/balikasa.com\/wp-content\/uploads\/2024\/01\/descarga1-225x300.jpg 225w, https:\/\/balikasa.com\/wp-content\/uploads\/2024\/01\/descarga1-1152x1536.jpg 1152w, https:\/\/balikasa.com\/wp-content\/uploads\/2024\/01\/descarga1.jpg 1200w\" sizes=\"(max-width: 768px) 100vw, 768px\" \/>\t\t\t\t\t\t\t\t\t\t\t\t\t\t\t<\/div>\n\t\t\t\t<\/div>\n\t\t\t\t<\/div>\n\t\t<div class=\"elementor-element elementor-element-a526f59 e-con-full e-flex e-con e-child\" data-id=\"a526f59\" data-element_type=\"container\" data-settings=\"{&quot;content_width&quot;:&quot;full&quot;}\">\n\t\t\t\t<div class=\"elementor-element elementor-element-ebc3bff elementor-widget elementor-widget-image\" data-id=\"ebc3bff\" data-element_type=\"widget\" data-widget_type=\"image.default\">\n\t\t\t\t<div class=\"elementor-widget-container\">\n\t\t\t\t\t\t\t\t\t\t\t\t\t\t\t<img loading=\"lazy\" decoding=\"async\" width=\"768\" height=\"1024\" src=\"https:\/\/balikasa.com\/wp-content\/uploads\/2024\/01\/descarga7-768x1024.jpg\" class=\"attachment-large size-large wp-image-2199\" alt=\"\" srcset=\"https:\/\/balikasa.com\/wp-content\/uploads\/2024\/01\/descarga7-768x1024.jpg 768w, https:\/\/balikasa.com\/wp-content\/uploads\/2024\/01\/descarga7-225x300.jpg 225w, https:\/\/balikasa.com\/wp-content\/uploads\/2024\/01\/descarga7-1152x1536.jpg 1152w, https:\/\/balikasa.com\/wp-content\/uploads\/2024\/01\/descarga7.jpg 1200w\" sizes=\"(max-width: 768px) 100vw, 768px\" \/>\t\t\t\t\t\t\t\t\t\t\t\t\t\t\t<\/div>\n\t\t\t\t<\/div>\n\t\t\t\t<\/div>\n\t\t<div class=\"elementor-element elementor-element-928a918 e-con-full e-flex e-con e-child\" data-id=\"928a918\" data-element_type=\"container\" data-settings=\"{&quot;content_width&quot;:&quot;full&quot;}\">\n\t\t\t\t<div class=\"elementor-element elementor-element-fc99d15 elementor-widget elementor-widget-image\" data-id=\"fc99d15\" data-element_type=\"widget\" data-widget_type=\"image.default\">\n\t\t\t\t<div class=\"elementor-widget-container\">\n\t\t\t\t\t\t\t\t\t\t\t\t\t\t\t<img loading=\"lazy\" decoding=\"async\" width=\"768\" height=\"1024\" src=\"https:\/\/balikasa.com\/wp-content\/uploads\/2024\/01\/dayanadescarga-768x1024.jpg\" class=\"attachment-large size-large wp-image-2190\" alt=\"\" srcset=\"https:\/\/balikasa.com\/wp-content\/uploads\/2024\/01\/dayanadescarga-768x1024.jpg 768w, https:\/\/balikasa.com\/wp-content\/uploads\/2024\/01\/dayanadescarga-225x300.jpg 225w, https:\/\/balikasa.com\/wp-content\/uploads\/2024\/01\/dayanadescarga-1152x1536.jpg 1152w, https:\/\/balikasa.com\/wp-content\/uploads\/2024\/01\/dayanadescarga.jpg 1200w\" sizes=\"(max-width: 768px) 100vw, 768px\" \/>\t\t\t\t\t\t\t\t\t\t\t\t\t\t\t<\/div>\n\t\t\t\t<\/div>\n\t\t\t\t<\/div>\n\t\t<div class=\"elementor-element elementor-element-feef119 e-con-full e-flex e-con e-child\" data-id=\"feef119\" data-element_type=\"container\" data-settings=\"{&quot;content_width&quot;:&quot;full&quot;}\">\n\t\t\t\t<div class=\"elementor-element elementor-element-7baeacb elementor-widget elementor-widget-image\" data-id=\"7baeacb\" data-element_type=\"widget\" data-widget_type=\"image.default\">\n\t\t\t\t<div class=\"elementor-widget-container\">\n\t\t\t\t\t\t\t\t\t\t\t\t\t\t\t<img loading=\"lazy\" decoding=\"async\" width=\"768\" height=\"1024\" src=\"https:\/\/balikasa.com\/wp-content\/uploads\/2024\/01\/sandradescarga-768x1024.jpg\" class=\"attachment-large size-large wp-image-2200\" alt=\"\" srcset=\"https:\/\/balikasa.com\/wp-content\/uploads\/2024\/01\/sandradescarga-768x1024.jpg 768w, https:\/\/balikasa.com\/wp-content\/uploads\/2024\/01\/sandradescarga-225x300.jpg 225w, https:\/\/balikasa.com\/wp-content\/uploads\/2024\/01\/sandradescarga-1152x1536.jpg 1152w, https:\/\/balikasa.com\/wp-content\/uploads\/2024\/01\/sandradescarga.jpg 1200w\" sizes=\"(max-width: 768px) 100vw, 768px\" \/>\t\t\t\t\t\t\t\t\t\t\t\t\t\t\t<\/div>\n\t\t\t\t<\/div>\n\t\t\t\t<\/div>\n\t\t\t\t<\/div>\n\t\t<div class=\"elementor-element elementor-element-2973832 e-con-full e-flex e-con e-parent\" data-id=\"2973832\" data-element_type=\"container\" data-settings=\"{&quot;content_width&quot;:&quot;full&quot;,&quot;background_background&quot;:&quot;classic&quot;}\" data-core-v316-plus=\"true\">\n\t\t\t\t<div class=\"elementor-element elementor-element-0d41549 elementor-widget elementor-widget-image\" data-id=\"0d41549\" data-element_type=\"widget\" data-widget_type=\"image.default\">\n\t\t\t\t<div class=\"elementor-widget-container\">\n\t\t\t\t\t\t\t\t\t\t\t\t\t\t\t<img loading=\"lazy\" decoding=\"async\" width=\"478\" height=\"1024\" src=\"https:\/\/balikasa.com\/wp-content\/uploads\/2024\/01\/sandrabienvocontainer-478x1024.jpg\" class=\"attachment-large size-large wp-image-2185\" alt=\"\" srcset=\"https:\/\/balikasa.com\/wp-content\/uploads\/2024\/01\/sandrabienvocontainer-478x1024.jpg 478w, https:\/\/balikasa.com\/wp-content\/uploads\/2024\/01\/sandrabienvocontainer-140x300.jpg 140w, https:\/\/balikasa.com\/wp-content\/uploads\/2024\/01\/sandrabienvocontainer-717x1536.jpg 717w, https:\/\/balikasa.com\/wp-content\/uploads\/2024\/01\/sandrabienvocontainer.jpg 747w\" sizes=\"(max-width: 478px) 100vw, 478px\" \/>\t\t\t\t\t\t\t\t\t\t\t\t\t\t\t<\/div>\n\t\t\t\t<\/div>\n\t\t\t\t<\/div>\n\t\t<div class=\"elementor-element elementor-element-cd697d8 e-flex e-con-boxed e-con e-parent\" data-id=\"cd697d8\" data-element_type=\"container\" data-settings=\"{&quot;background_background&quot;:&quot;classic&quot;,&quot;content_width&quot;:&quot;boxed&quot;}\" data-core-v316-plus=\"true\">\n\t\t\t\t\t<div class=\"e-con-inner\">\n\t\t<div class=\"elementor-element elementor-element-7ab07e2 e-con-full e-flex e-con e-child\" data-id=\"7ab07e2\" data-element_type=\"container\" data-settings=\"{&quot;content_width&quot;:&quot;full&quot;}\">\n\t\t\t\t<div class=\"elementor-element elementor-element-4cdcdc7 elementor-widget elementor-widget-video\" data-id=\"4cdcdc7\" data-element_type=\"widget\" data-settings=\"{&quot;youtube_url&quot;:&quot;https:\\\/\\\/youtu.be\\\/oEXPWvjrjYw?si=526sfQsvSUjf-qgP&quot;,&quot;video_type&quot;:&quot;youtube&quot;}\" data-widget_type=\"video.default\">\n\t\t\t\t<div class=\"elementor-widget-container\">\n\t\t\t<style>\/*! elementor - v3.18.0 - 20-12-2023 *\/\n.elementor-widget-video .elementor-widget-container{overflow:hidden;transform:translateZ(0)}.elementor-widget-video .elementor-wrapper{aspect-ratio:var(--video-aspect-ratio)}.elementor-widget-video .elementor-wrapper iframe,.elementor-widget-video .elementor-wrapper video{height:100%;width:100%;display:flex;border:none;background-color:#000}@supports not (aspect-ratio:1\/1){.elementor-widget-video .elementor-wrapper{position:relative;overflow:hidden;height:0;padding-bottom:calc(100% \/ var(--video-aspect-ratio))}.elementor-widget-video .elementor-wrapper iframe,.elementor-widget-video .elementor-wrapper video{position:absolute;top:0;right:0;bottom:0;left:0}}.elementor-widget-video .elementor-open-inline .elementor-custom-embed-image-overlay{position:absolute;top:0;right:0;bottom:0;left:0;background-size:cover;background-position:50%}.elementor-widget-video .elementor-custom-embed-image-overlay{cursor:pointer;text-align:center}.elementor-widget-video .elementor-custom-embed-image-overlay:hover .elementor-custom-embed-play i{opacity:1}.elementor-widget-video .elementor-custom-embed-image-overlay img{display:block;width:100%;aspect-ratio:var(--video-aspect-ratio);-o-object-fit:cover;object-fit:cover;-o-object-position:center center;object-position:center center}@supports not (aspect-ratio:1\/1){.elementor-widget-video .elementor-custom-embed-image-overlay{position:relative;overflow:hidden;height:0;padding-bottom:calc(100% \/ var(--video-aspect-ratio))}.elementor-widget-video .elementor-custom-embed-image-overlay img{position:absolute;top:0;right:0;bottom:0;left:0}}.elementor-widget-video .e-hosted-video .elementor-video{-o-object-fit:cover;object-fit:cover}.e-con-inner>.elementor-widget-video,.e-con>.elementor-widget-video{width:var(--container-widget-width);--flex-grow:var(--container-widget-flex-grow)}<\/style>\t\t<div class=\"elementor-wrapper elementor-open-inline\">\n\t\t\t<div class=\"elementor-video\"><\/div>\t\t<\/div>\n\t\t\t\t<\/div>\n\t\t\t\t<\/div>\n\t\t\t\t<\/div>\n\t\t\t\t\t<\/div>\n\t\t\t\t<\/div>\n\t\t\t\t\t\t\t<\/div>\n\t\t","protected":false},"excerpt":{"rendered":"<p>C\u00f3mo empez\u00f3 Hace siete a\u00f1os, nuestra aventura comenz\u00f3 durante unas inolvidables vacaciones en Bali, Indonesia, marcando nuestra primera experiencia en esta isla encantadora. Caminando por las calles de Ubud, nos detenemos a mirar un artesano trabajando. La dedicaci\u00f3n y destreza de ese modesto artesano dejaron una huella imborrable en nosotros. Nos enamoramos de la isla, &hellip;<\/p>\n<p class=\"read-more\"> <a class=\"\" href=\"https:\/\/balikasa.com\/?page_id=1709\"> <span class=\"screen-reader-text\">Nuestra Historia<\/span> Leer m\u00e1s &raquo;<\/a><\/p>\n","protected":false},"author":1,"featured_media":0,"parent":0,"menu_order":0,"comment_status":"closed","ping_status":"closed","template":"","meta":{"site-sidebar-layout":"no-sidebar","site-content-layout":"page-builder","ast-site-content-layout":"full-width-container","site-content-style":"default","site-sidebar-style":"default","ast-global-header-display":"","ast-banner-title-visibility":"","ast-main-header-display":"","ast-hfb-above-header-display":"","ast-hfb-below-header-display":"","ast-hfb-mobile-header-display":"","site-post-title":"disabled","ast-breadcrumbs-content":"","ast-featured-img":"disabled","footer-sml-layout":"","theme-transparent-header-meta":"","adv-header-id-meta":"","stick-header-meta":"","header-above-stick-meta":"","header-main-stick-meta":"","header-below-stick-meta":"","astra-migrate-meta-layouts":"default","ast-page-background-enabled":"default","ast-page-background-meta":{"desktop":{"background-color":"var(--ast-global-color-4)","background-image":"","background-repeat":"repeat","background-position":"center center","background-size":"auto","background-attachment":"scroll","background-type":"","background-media":"","overlay-type":"","overlay-color":"","overlay-gradient":""},"tablet":{"background-color":"","background-image":"","background-repeat":"repeat","background-position":"center center","background-size":"auto","background-attachment":"scroll","background-type":"","background-media":"","overlay-type":"","overlay-color":"","overlay-gradient":""},"mobile":{"background-color":"","background-image":"","background-repeat":"repeat","background-position":"center center","background-size":"auto","background-attachment":"scroll","background-type":"","background-media":"","overlay-type":"","overlay-color":"","overlay-gradient":""}},"ast-content-background-meta":{"desktop":{"background-color":"var(--ast-global-color-5)","background-image":"","background-repeat":"repeat","background-position":"center center","background-size":"auto","background-attachment":"scroll","background-type":"","background-media":"","overlay-type":"","overlay-color":"","overlay-gradient":""},"tablet":{"background-color":"var(--ast-global-color-5)","background-image":"","background-repeat":"repeat","background-position":"center center","background-size":"auto","background-attachment":"scroll","background-type":"","background-media":"","overlay-type":"","overlay-color":"","overlay-gradient":""},"mobile":{"background-color":"var(--ast-global-color-5)","background-image":"","background-repeat":"repeat","background-position":"center center","background-size":"auto","background-attachment":"scroll","background-type":"","background-media":"","overlay-type":"","overlay-color":"","overlay-gradient":""}},"_joinchat":[],"footnotes":""},"class_list":["post-1709","page","type-page","status-publish","hentry"],"_links":{"self":[{"href":"https:\/\/balikasa.com\/index.php?rest_route=\/wp\/v2\/pages\/1709","targetHints":{"allow":["GET"]}}],"collection":[{"href":"https:\/\/balikasa.com\/index.php?rest_route=\/wp\/v2\/pages"}],"about":[{"href":"https:\/\/balikasa.com\/index.php?rest_route=\/wp\/v2\/types\/page"}],"author":[{"embeddable":true,"href":"https:\/\/balikasa.com\/index.php?rest_route=\/wp\/v2\/users\/1"}],"replies":[{"embeddable":true,"href":"https:\/\/balikasa.com\/index.php?rest_route=%2Fwp%2Fv2%2Fcomments&post=1709"}],"version-history":[{"count":94,"href":"https:\/\/balikasa.com\/index.php?rest_route=\/wp\/v2\/pages\/1709\/revisions"}],"predecessor-version":[{"id":2243,"href":"https:\/\/balikasa.com\/index.php?rest_route=\/wp\/v2\/pages\/1709\/revisions\/2243"}],"wp:attachment":[{"href":"https:\/\/balikasa.com\/index.php?rest_route=%2Fwp%2Fv2%2Fmedia&parent=1709"}],"curies":[{"name":"wp","href":"https:\/\/api.w.org\/{rel}","templated":true}]}}