{"id":1714,"date":"2023-12-27T10:46:18","date_gmt":"2023-12-27T14:46:18","guid":{"rendered":"https:\/\/balikasa.com\/wp\/?page_id=1714"},"modified":"2024-01-04T13:31:53","modified_gmt":"2024-01-04T17:31:53","slug":"tiendas-y-profesionales","status":"publish","type":"page","link":"https:\/\/balikasa.com\/?page_id=1714","title":{"rendered":"Tiendas y Profesionales"},"content":{"rendered":"\t\t<div data-elementor-type=\"wp-page\" data-elementor-id=\"1714\" class=\"elementor elementor-1714\">\n\t\t\t\t\t\t\t<div class=\"elementor-element elementor-element-1d2b178 e-con-full e-flex e-con e-parent\" data-id=\"1d2b178\" data-element_type=\"container\" data-settings=\"{&quot;content_width&quot;:&quot;full&quot;,&quot;background_background&quot;:&quot;slideshow&quot;,&quot;background_slideshow_gallery&quot;:[],&quot;background_slideshow_loop&quot;:&quot;yes&quot;,&quot;background_slideshow_slide_duration&quot;:5000,&quot;background_slideshow_slide_transition&quot;:&quot;fade&quot;,&quot;background_slideshow_transition_duration&quot;:500}\" data-core-v316-plus=\"true\">\n\t\t<div class=\"elementor-element elementor-element-9dc811d e-flex e-con-boxed e-con e-child\" data-id=\"9dc811d\" data-element_type=\"container\" data-settings=\"{&quot;content_width&quot;:&quot;boxed&quot;}\">\n\t\t\t\t\t<div class=\"e-con-inner\">\n\t\t\t\t<div class=\"elementor-element elementor-element-9f8583a elementor-widget elementor-widget-heading\" data-id=\"9f8583a\" data-element_type=\"widget\" data-widget_type=\"heading.default\">\n\t\t\t\t<div class=\"elementor-widget-container\">\n\t\t\t<style>\/*! elementor - v3.18.0 - 20-12-2023 *\/\n.elementor-heading-title{padding:0;margin:0;line-height:1}.elementor-widget-heading .elementor-heading-title[class*=elementor-size-]>a{color:inherit;font-size:inherit;line-height:inherit}.elementor-widget-heading .elementor-heading-title.elementor-size-small{font-size:15px}.elementor-widget-heading .elementor-heading-title.elementor-size-medium{font-size:19px}.elementor-widget-heading .elementor-heading-title.elementor-size-large{font-size:29px}.elementor-widget-heading .elementor-heading-title.elementor-size-xl{font-size:39px}.elementor-widget-heading .elementor-heading-title.elementor-size-xxl{font-size:59px}<\/style><h2 class=\"elementor-heading-title elementor-size-default\">DECORADORES DE INTERIORES, HOTELES, RESTAURANTES, DESARROLLADORES DE PROYECTOS, ARQUITECTOS Y TIENDAS.<\/h2>\t\t<\/div>\n\t\t\t\t<\/div>\n\t\t\t\t<div class=\"elementor-element elementor-element-00d102c elementor-align-center animated-slow elementor-invisible elementor-widget elementor-widget-button\" data-id=\"00d102c\" data-element_type=\"widget\" data-settings=\"{&quot;_animation&quot;:&quot;bounceIn&quot;}\" data-widget_type=\"button.default\">\n\t\t\t\t<div class=\"elementor-widget-container\">\n\t\t\t\t\t<div class=\"elementor-button-wrapper\">\n\t\t\t<a class=\"elementor-button elementor-button-link elementor-size-sm\" href=\"https:\/\/balikasa.com\/?page_id=1712#productos\">\n\t\t\t\t\t\t<span class=\"elementor-button-content-wrapper\">\n\t\t\t\t\t\t<span class=\"elementor-button-text\">Ver productos<\/span>\n\t\t<\/span>\n\t\t\t\t\t<\/a>\n\t\t<\/div>\n\t\t\t\t<\/div>\n\t\t\t\t<\/div>\n\t\t\t\t\t<\/div>\n\t\t\t\t<\/div>\n\t\t\t\t<\/div>\n\t\t<div class=\"elementor-element elementor-element-b0c41f0 e-con-full e-flex e-con e-parent\" data-id=\"b0c41f0\" data-element_type=\"container\" data-settings=\"{&quot;content_width&quot;:&quot;full&quot;,&quot;background_background&quot;:&quot;classic&quot;}\" data-core-v316-plus=\"true\">\n\t\t\t\t<div class=\"elementor-element elementor-element-d0672f1 elementor-widget elementor-widget-heading\" data-id=\"d0672f1\" data-element_type=\"widget\" data-widget_type=\"heading.default\">\n\t\t\t\t<div class=\"elementor-widget-container\">\n\t\t\t<h1 class=\"elementor-heading-title elementor-size-default\">Que esperar:<\/h1>\t\t<\/div>\n\t\t\t\t<\/div>\n\t\t\t\t<\/div>\n\t\t<div class=\"elementor-element elementor-element-3845646 e-con-full e-flex e-con e-parent\" data-id=\"3845646\" data-element_type=\"container\" data-settings=\"{&quot;content_width&quot;:&quot;full&quot;,&quot;background_background&quot;:&quot;classic&quot;}\" data-core-v316-plus=\"true\">\n\t\t\t\t<div class=\"elementor-element elementor-element-f71fef3 elementor-widget elementor-widget-heading\" data-id=\"f71fef3\" data-element_type=\"widget\" data-widget_type=\"heading.default\">\n\t\t\t\t<div class=\"elementor-widget-container\">\n\t\t\t<h2 class=\"elementor-heading-title elementor-size-default\">Compra simplificada de muebles y decoraciones en Bali.\n<\/h2>\t\t<\/div>\n\t\t\t\t<\/div>\n\t\t\t\t<div class=\"elementor-element elementor-element-04139a6 elementor-widget elementor-widget-text-editor\" data-id=\"04139a6\" data-element_type=\"widget\" data-widget_type=\"text-editor.default\">\n\t\t\t\t<div class=\"elementor-widget-container\">\n\t\t\t<style>\/*! elementor - v3.18.0 - 20-12-2023 *\/\n.elementor-widget-text-editor.elementor-drop-cap-view-stacked .elementor-drop-cap{background-color:#69727d;color:#fff}.elementor-widget-text-editor.elementor-drop-cap-view-framed .elementor-drop-cap{color:#69727d;border:3px solid;background-color:transparent}.elementor-widget-text-editor:not(.elementor-drop-cap-view-default) .elementor-drop-cap{margin-top:8px}.elementor-widget-text-editor:not(.elementor-drop-cap-view-default) .elementor-drop-cap-letter{width:1em;height:1em}.elementor-widget-text-editor .elementor-drop-cap{float:left;text-align:center;line-height:1;font-size:50px}.elementor-widget-text-editor .elementor-drop-cap-letter{display:inline-block}<\/style>\t\t\t\t<p>En Balikasa, nos enorgullece ofrecer a hoteles, arquitectos, decoradores de interiores,desarrolladores de proyectos y tiendas minoristas una experiencia \u00fanica en la adquisici\u00f3n de muebles y decoraciones de alta calidad. Nos especializamos en la fabricaci\u00f3n e importaci\u00f3n de piezas \u00fanicas y artesanales desde Bali, utilizando materiales de primera calidad como la madera Teca y el Rattan Grado A.<\/p><p><strong>Calidad Artesanal con Pasi\u00f3n y Dedicaci\u00f3n:<\/strong> Cada pieza en nuestro cat\u00e1logo es el resultado de la pasi\u00f3n y dedicaci\u00f3n de artesanos locales con a\u00f1os de experiencia. Trabajamos de cerca con ellos para garantizar que cada mueble cuente una historia y refleje la autenticidad de la artesan\u00eda indonesia.<\/p><p><strong>Personalizaci\u00f3n a Medida:<\/strong> En Balikasa, entendemos la importancia de la individualidad en el dise\u00f1o de interiores. Ofrecemos servicios de fabricaci\u00f3n a medida, permiti\u00e9ndote crear muebles exclusivos y personalizados seg\u00fan tus especificaciones y dise\u00f1o. Nuestro equipo est\u00e1 aqu\u00ed para convertir tus ideas en realidad.<\/p><p><strong>Importaci\u00f3n Eficiente:<\/strong>\u00a0<\/p><p>Nos encargamos de todo, desde la fabricaci\u00f3n hasta la entrega en tu ubicaci\u00f3n. Esto no solo garantiza la calidad, sino que tambi\u00e9n te permite ahorrar significativamente en comparaci\u00f3n con opciones locales.<\/p><p><strong>Colaboraci\u00f3n con Hoteles, Arquitectos y Desarrolladores de proyecto:<\/strong> Trabajamos estrechamente para proporcionar soluciones de mobiliario que se adapten a sus necesidades espec\u00edficas. Nuestra amplia gama de productos y servicios garantiza que encuentres la combinaci\u00f3n perfecta para tu proyecto.<\/p><p><strong>Convierte tus Ideas en Realidad:<\/strong> \u00bfTienes una visi\u00f3n \u00fanica para tus muebles? En Balikasa, no solo aceptamos desaf\u00edos de dise\u00f1o, \u00a1los abrazamos! Transformamos tus ideas en piezas tangibles y, si lo deseas, podemos ayudarte a crear tu propia l\u00ednea de muebles distintiva.<\/p><p>Explora nuestro cat\u00e1logo y descubre c\u00f3mo Balikasa puede llevar la esencia de Bali a tus proyectos de dise\u00f1o de interiores.\u00a0<\/p><p>Aunque no tenemos un requisito de pedido m\u00ednimo para art\u00edculos individuales, lo que significa que puedes comprar cualquier cantidades de productos que ofrecemos, el pedido total debe llenar como m\u00ednimo un contenedor de 20 pies, equivalente a 33 metros c\u00fabicos. Esto asegura que, aunque tienes la flexibilidad de seleccionar una amplia gama de nuestros productos , mantenemos la eficiencia en el env\u00edo. Tengan en cuenta que no realizamos env\u00edos de pedidos m\u00e1s peque\u00f1os , ya que estamos comprometidos a proporcionar env\u00edos de contenedores completos que maximizan el valor y la coherencia log\u00edstica.<\/p><p>\u00a1Cont\u00e1ctanos hoy para comenzar una colaboraci\u00f3n \u00fanica y emocionante!<\/p>\t\t\t\t\t\t<\/div>\n\t\t\t\t<\/div>\n\t\t\t\t<\/div>\n\t\t<div class=\"elementor-element elementor-element-e02eba3 e-con-full e-flex e-con e-parent\" data-id=\"e02eba3\" data-element_type=\"container\" data-settings=\"{&quot;content_width&quot;:&quot;full&quot;,&quot;background_background&quot;:&quot;classic&quot;}\" data-core-v316-plus=\"true\">\n\t\t<div class=\"elementor-element elementor-element-931c923 e-con-full e-flex e-con e-child\" data-id=\"931c923\" data-element_type=\"container\" data-settings=\"{&quot;content_width&quot;:&quot;full&quot;}\">\n\t\t\t\t<div class=\"elementor-element elementor-element-95afdcb elementor-widget elementor-widget-text-editor\" data-id=\"95afdcb\" data-element_type=\"widget\" data-widget_type=\"text-editor.default\">\n\t\t\t\t<div class=\"elementor-widget-container\">\n\t\t\t\t\t\t\t\t\t\t\t\t\t<\/div>\n\t\t\t\t<\/div>\n\t\t\t\t<div class=\"elementor-element elementor-element-257f153 elementor-widget elementor-widget-image\" data-id=\"257f153\" data-element_type=\"widget\" data-widget_type=\"image.default\">\n\t\t\t\t<div class=\"elementor-widget-container\">\n\t\t\t<style>\/*! elementor - v3.18.0 - 20-12-2023 *\/\n.elementor-widget-image{text-align:center}.elementor-widget-image a{display:inline-block}.elementor-widget-image a img[src$=\".svg\"]{width:48px}.elementor-widget-image img{vertical-align:middle;display:inline-block}<\/style>\t\t\t\t\t\t\t\t\t\t\t\t<img fetchpriority=\"high\" decoding=\"async\" width=\"512\" height=\"512\" src=\"https:\/\/balikasa.com\/wp-content\/uploads\/2023\/12\/cropped-iconotransparente.png\" class=\"attachment-large size-large wp-image-1681\" alt=\"\" srcset=\"https:\/\/balikasa.com\/wp-content\/uploads\/2023\/12\/cropped-iconotransparente.png 512w, https:\/\/balikasa.com\/wp-content\/uploads\/2023\/12\/cropped-iconotransparente-300x300.png 300w, https:\/\/balikasa.com\/wp-content\/uploads\/2023\/12\/cropped-iconotransparente-150x150.png 150w, https:\/\/balikasa.com\/wp-content\/uploads\/2023\/12\/cropped-iconotransparente-270x270.png 270w, https:\/\/balikasa.com\/wp-content\/uploads\/2023\/12\/cropped-iconotransparente-192x192.png 192w, https:\/\/balikasa.com\/wp-content\/uploads\/2023\/12\/cropped-iconotransparente-180x180.png 180w, https:\/\/balikasa.com\/wp-content\/uploads\/2023\/12\/cropped-iconotransparente-32x32.png 32w\" sizes=\"(max-width: 512px) 100vw, 512px\" \/>\t\t\t\t\t\t\t\t\t\t\t\t\t\t\t<\/div>\n\t\t\t\t<\/div>\n\t\t\t\t<div class=\"elementor-element elementor-element-44de932 elementor-widget elementor-widget-text-editor\" data-id=\"44de932\" data-element_type=\"widget\" data-widget_type=\"text-editor.default\">\n\t\t\t\t<div class=\"elementor-widget-container\">\n\t\t\t\t\t\t\t<p><strong>Catalogo<\/strong><\/p><p>Adem\u00e1s, trabajamos contigo para calcular vol\u00famenes y precios seg\u00fan tus necesidades. Si no encuentras algo en nuestro cat\u00e1logo, nos encargamos de buscarlo o fabricarlo. Estamos comprometidos a brindarte un servicio integral y de alta calidad para satisfacer tus requisitos espec\u00edficos.\u00bb<\/p>\t\t\t\t\t\t<\/div>\n\t\t\t\t<\/div>\n\t\t\t\t<\/div>\n\t\t<div class=\"elementor-element elementor-element-2e732f6 e-con-full e-flex e-con e-child\" data-id=\"2e732f6\" data-element_type=\"container\" data-settings=\"{&quot;content_width&quot;:&quot;full&quot;}\">\n\t\t\t\t<div class=\"elementor-element elementor-element-8ca10db elementor-widget elementor-widget-text-editor\" data-id=\"8ca10db\" data-element_type=\"widget\" data-widget_type=\"text-editor.default\">\n\t\t\t\t<div class=\"elementor-widget-container\">\n\t\t\t\t\t\t\t\t\t\t\t\t\t<\/div>\n\t\t\t\t<\/div>\n\t\t\t\t<div class=\"elementor-element elementor-element-19de538 elementor-widget elementor-widget-image\" data-id=\"19de538\" data-element_type=\"widget\" data-widget_type=\"image.default\">\n\t\t\t\t<div class=\"elementor-widget-container\">\n\t\t\t\t\t\t\t\t\t\t\t\t\t\t\t<img fetchpriority=\"high\" decoding=\"async\" width=\"512\" height=\"512\" src=\"https:\/\/balikasa.com\/wp-content\/uploads\/2023\/12\/cropped-iconotransparente.png\" class=\"attachment-large size-large wp-image-1681\" alt=\"\" srcset=\"https:\/\/balikasa.com\/wp-content\/uploads\/2023\/12\/cropped-iconotransparente.png 512w, https:\/\/balikasa.com\/wp-content\/uploads\/2023\/12\/cropped-iconotransparente-300x300.png 300w, https:\/\/balikasa.com\/wp-content\/uploads\/2023\/12\/cropped-iconotransparente-150x150.png 150w, https:\/\/balikasa.com\/wp-content\/uploads\/2023\/12\/cropped-iconotransparente-270x270.png 270w, https:\/\/balikasa.com\/wp-content\/uploads\/2023\/12\/cropped-iconotransparente-192x192.png 192w, https:\/\/balikasa.com\/wp-content\/uploads\/2023\/12\/cropped-iconotransparente-180x180.png 180w, https:\/\/balikasa.com\/wp-content\/uploads\/2023\/12\/cropped-iconotransparente-32x32.png 32w\" sizes=\"(max-width: 512px) 100vw, 512px\" \/>\t\t\t\t\t\t\t\t\t\t\t\t\t\t\t<\/div>\n\t\t\t\t<\/div>\n\t\t\t\t<div class=\"elementor-element elementor-element-f5e89ef elementor-widget elementor-widget-text-editor\" data-id=\"f5e89ef\" data-element_type=\"widget\" data-widget_type=\"text-editor.default\">\n\t\t\t\t<div class=\"elementor-widget-container\">\n\t\t\t\t\t\t\t<p><strong>Pago<\/strong><\/p><p>Para iniciar la fabricaci\u00f3n, requerimos un dep\u00f3sito del 60%, el cual debe ser transferido a nuestra cuenta bancaria en d\u00f3lares estadounidenses (USD). El saldo restante debe ser abonado al momento de la entrega.<\/p>\t\t\t\t\t\t<\/div>\n\t\t\t\t<\/div>\n\t\t\t\t<\/div>\n\t\t<div class=\"elementor-element elementor-element-506112e e-con-full e-flex e-con e-child\" data-id=\"506112e\" data-element_type=\"container\" data-settings=\"{&quot;content_width&quot;:&quot;full&quot;}\">\n\t\t\t\t<div class=\"elementor-element elementor-element-dac2102 elementor-widget elementor-widget-text-editor\" data-id=\"dac2102\" data-element_type=\"widget\" data-widget_type=\"text-editor.default\">\n\t\t\t\t<div class=\"elementor-widget-container\">\n\t\t\t\t\t\t\t\t\t\t\t\t\t<\/div>\n\t\t\t\t<\/div>\n\t\t\t\t<div class=\"elementor-element elementor-element-6036c1f elementor-widget elementor-widget-image\" data-id=\"6036c1f\" data-element_type=\"widget\" data-widget_type=\"image.default\">\n\t\t\t\t<div class=\"elementor-widget-container\">\n\t\t\t\t\t\t\t\t\t\t\t\t\t\t\t<img fetchpriority=\"high\" decoding=\"async\" width=\"512\" height=\"512\" src=\"https:\/\/balikasa.com\/wp-content\/uploads\/2023\/12\/cropped-iconotransparente.png\" class=\"attachment-large size-large wp-image-1681\" alt=\"\" srcset=\"https:\/\/balikasa.com\/wp-content\/uploads\/2023\/12\/cropped-iconotransparente.png 512w, https:\/\/balikasa.com\/wp-content\/uploads\/2023\/12\/cropped-iconotransparente-300x300.png 300w, https:\/\/balikasa.com\/wp-content\/uploads\/2023\/12\/cropped-iconotransparente-150x150.png 150w, https:\/\/balikasa.com\/wp-content\/uploads\/2023\/12\/cropped-iconotransparente-270x270.png 270w, https:\/\/balikasa.com\/wp-content\/uploads\/2023\/12\/cropped-iconotransparente-192x192.png 192w, https:\/\/balikasa.com\/wp-content\/uploads\/2023\/12\/cropped-iconotransparente-180x180.png 180w, https:\/\/balikasa.com\/wp-content\/uploads\/2023\/12\/cropped-iconotransparente-32x32.png 32w\" sizes=\"(max-width: 512px) 100vw, 512px\" \/>\t\t\t\t\t\t\t\t\t\t\t\t\t\t\t<\/div>\n\t\t\t\t<\/div>\n\t\t\t\t<div class=\"elementor-element elementor-element-52c3fc8 elementor-widget elementor-widget-text-editor\" data-id=\"52c3fc8\" data-element_type=\"widget\" data-widget_type=\"text-editor.default\">\n\t\t\t\t<div class=\"elementor-widget-container\">\n\t\t\t\t\t\t\t<div class=\"flex-1 overflow-hidden\"><div class=\"react-scroll-to-bottom--css-fwsmb-79elbk h-full\"><div class=\"react-scroll-to-bottom--css-fwsmb-1n7m0yu\"><div class=\"flex flex-col pb-9 text-sm\"><div class=\"w-full text-token-text-primary\" data-testid=\"conversation-turn-13\"><div class=\"px-4 py-2 justify-center text-base md:gap-6 m-auto\"><div class=\"flex flex-1 text-base mx-auto gap-3 md:px-5 lg:px-1 xl:px-5 md:max-w-3xl lg:max-w-[40rem] xl:max-w-[48rem] group final-completion\"><div class=\"relative flex w-full flex-col lg:w-[calc(100%-115px)] agent-turn\"><div class=\"flex-col gap-1 md:gap-3\"><div class=\"flex flex-grow flex-col max-w-full\"><div class=\"min-h-[20px] text-message flex flex-col items-start gap-3 whitespace-pre-wrap break-words [.text-message+&amp;]:mt-5 overflow-x-auto\" data-message-author-role=\"assistant\" data-message-id=\"1023a591-cf7d-4ada-a008-f32ec05c13ec\"><div class=\"markdown prose w-full break-words dark:prose-invert dark\"><p><strong>Control de Calidad<\/strong><\/p><p>Nuestro equipo realiza un riguroso control de calidad en cada etapa del proceso de fabricaci\u00f3n. Si deseas recibir fotos o videos de tu producto durante el proceso, por favor, inf\u00f3rmanos con anticipaci\u00f3n.<\/p><\/div><\/div><\/div><div class=\"mt-1 flex justify-start gap-3 empty:hidden\"><div class=\"text-gray-400 flex self-end lg:self-center justify-center lg:justify-start mt-0 gap-1 visible\"><div class=\"flex gap-1\">\u00a0<\/div><div class=\"flex items-center gap-1.5 text-xs\">\u00a0<\/div><\/div><\/div><\/div><div class=\"absolute\"><div class=\"flex w-full gap-2 items-center justify-center\">\u00a0<\/div><\/div><\/div><\/div><\/div><\/div><\/div><\/div><\/div><\/div><div class=\"w-full pt-2 md:pt-0 dark:border-white\/20 md:border-transparent md:dark:border-transparent md:w-[calc(100%-.5rem)]\"><form class=\"stretch mx-2 flex flex-row gap-3 last:mb-2 md:mx-4 md:last:mb-6 lg:mx-auto lg:max-w-2xl xl:max-w-3xl\"><div class=\"relative flex h-full flex-1 items-stretch md:flex-col\"><div class=\"flex w-full items-center\">\u00a0<\/div><\/div><\/form><\/div>\t\t\t\t\t\t<\/div>\n\t\t\t\t<\/div>\n\t\t\t\t<\/div>\n\t\t\t\t<\/div>\n\t\t<div class=\"elementor-element elementor-element-d3c0508 e-con-full e-flex e-con e-parent\" data-id=\"d3c0508\" data-element_type=\"container\" data-settings=\"{&quot;content_width&quot;:&quot;full&quot;,&quot;background_background&quot;:&quot;classic&quot;}\" data-core-v316-plus=\"true\">\n\t\t\t\t<div class=\"elementor-element elementor-element-d7984d9 elementor-widget elementor-widget-heading\" data-id=\"d7984d9\" data-element_type=\"widget\" data-widget_type=\"heading.default\">\n\t\t\t\t<div class=\"elementor-widget-container\">\n\t\t\t<h2 class=\"elementor-heading-title elementor-size-default\">La exlusividad de tu proyecto o de tu empresa esta a un solo click, llama y trae tu primer contenedor.<\/h2>\t\t<\/div>\n\t\t\t\t<\/div>\n\t\t\t\t<div class=\"elementor-element elementor-element-21a9f24 elementor-align-center elementor-invisible elementor-widget elementor-widget-button\" data-id=\"21a9f24\" data-element_type=\"widget\" data-settings=\"{&quot;_animation&quot;:&quot;bounceIn&quot;}\" data-widget_type=\"button.default\">\n\t\t\t\t<div class=\"elementor-widget-container\">\n\t\t\t\t\t<div class=\"elementor-button-wrapper\">\n\t\t\t<a class=\"elementor-button elementor-button-link elementor-size-sm\" href=\"https:\/\/balikasa.com\/?page_id=1713#contactform\">\n\t\t\t\t\t\t<span class=\"elementor-button-content-wrapper\">\n\t\t\t\t\t\t<span class=\"elementor-button-text\">Contactanos<\/span>\n\t\t<\/span>\n\t\t\t\t\t<\/a>\n\t\t<\/div>\n\t\t\t\t<\/div>\n\t\t\t\t<\/div>\n\t\t\t\t<\/div>\n\t\t\t\t\t\t\t<\/div>\n\t\t","protected":false},"excerpt":{"rendered":"<p>DECORADORES DE INTERIORES, HOTELES, RESTAURANTES, DESARROLLADORES DE PROYECTOS, ARQUITECTOS Y TIENDAS. Ver productos Que esperar: Compra simplificada de muebles y decoraciones en Bali. En Balikasa, nos enorgullece ofrecer a hoteles, arquitectos, decoradores de interiores,desarrolladores de proyectos y tiendas minoristas una experiencia \u00fanica en la adquisici\u00f3n de muebles y decoraciones de alta calidad. Nos especializamos en &hellip;<\/p>\n<p class=\"read-more\"> <a class=\"\" href=\"https:\/\/balikasa.com\/?page_id=1714\"> <span class=\"screen-reader-text\">Tiendas y Profesionales<\/span> Leer m\u00e1s &raquo;<\/a><\/p>\n","protected":false},"author":1,"featured_media":0,"parent":0,"menu_order":0,"comment_status":"closed","ping_status":"closed","template":"","meta":{"site-sidebar-layout":"no-sidebar","site-content-layout":"page-builder","ast-site-content-layout":"full-width-container","site-content-style":"default","site-sidebar-style":"default","ast-global-header-display":"","ast-banner-title-visibility":"","ast-main-header-display":"","ast-hfb-above-header-display":"","ast-hfb-below-header-display":"","ast-hfb-mobile-header-display":"","site-post-title":"disabled","ast-breadcrumbs-content":"","ast-featured-img":"disabled","footer-sml-layout":"","theme-transparent-header-meta":"","adv-header-id-meta":"","stick-header-meta":"","header-above-stick-meta":"","header-main-stick-meta":"","header-below-stick-meta":"","astra-migrate-meta-layouts":"default","ast-page-background-enabled":"default","ast-page-background-meta":{"desktop":{"background-color":"var(--ast-global-color-4)","background-image":"","background-repeat":"repeat","background-position":"center center","background-size":"auto","background-attachment":"scroll","background-type":"","background-media":"","overlay-type":"","overlay-color":"","overlay-gradient":""},"tablet":{"background-color":"","background-image":"","background-repeat":"repeat","background-position":"center center","background-size":"auto","background-attachment":"scroll","background-type":"","background-media":"","overlay-type":"","overlay-color":"","overlay-gradient":""},"mobile":{"background-color":"","background-image":"","background-repeat":"repeat","background-position":"center center","background-size":"auto","background-attachment":"scroll","background-type":"","background-media":"","overlay-type":"","overlay-color":"","overlay-gradient":""}},"ast-content-background-meta":{"desktop":{"background-color":"var(--ast-global-color-5)","background-image":"","background-repeat":"repeat","background-position":"center center","background-size":"auto","background-attachment":"scroll","background-type":"","background-media":"","overlay-type":"","overlay-color":"","overlay-gradient":""},"tablet":{"background-color":"var(--ast-global-color-5)","background-image":"","background-repeat":"repeat","background-position":"center center","background-size":"auto","background-attachment":"scroll","background-type":"","background-media":"","overlay-type":"","overlay-color":"","overlay-gradient":""},"mobile":{"background-color":"var(--ast-global-color-5)","background-image":"","background-repeat":"repeat","background-position":"center center","background-size":"auto","background-attachment":"scroll","background-type":"","background-media":"","overlay-type":"","overlay-color":"","overlay-gradient":""}},"_joinchat":[],"footnotes":""},"class_list":["post-1714","page","type-page","status-publish","hentry"],"_links":{"self":[{"href":"https:\/\/balikasa.com\/index.php?rest_route=\/wp\/v2\/pages\/1714","targetHints":{"allow":["GET"]}}],"collection":[{"href":"https:\/\/balikasa.com\/index.php?rest_route=\/wp\/v2\/pages"}],"about":[{"href":"https:\/\/balikasa.com\/index.php?rest_route=\/wp\/v2\/types\/page"}],"author":[{"embeddable":true,"href":"https:\/\/balikasa.com\/index.php?rest_route=\/wp\/v2\/users\/1"}],"replies":[{"embeddable":true,"href":"https:\/\/balikasa.com\/index.php?rest_route=%2Fwp%2Fv2%2Fcomments&post=1714"}],"version-history":[{"count":106,"href":"https:\/\/balikasa.com\/index.php?rest_route=\/wp\/v2\/pages\/1714\/revisions"}],"predecessor-version":[{"id":2166,"href":"https:\/\/balikasa.com\/index.php?rest_route=\/wp\/v2\/pages\/1714\/revisions\/2166"}],"wp:attachment":[{"href":"https:\/\/balikasa.com\/index.php?rest_route=%2Fwp%2Fv2%2Fmedia&parent=1714"}],"curies":[{"name":"wp","href":"https:\/\/api.w.org\/{rel}","templated":true}]}}