{"id":2798,"date":"2025-01-02T18:36:18","date_gmt":"2025-01-02T22:36:18","guid":{"rendered":"https:\/\/balikasa.com\/?page_id=2798"},"modified":"2025-03-11T11:42:03","modified_gmt":"2025-03-11T15:42:03","slug":"paquetes-de-muebles","status":"publish","type":"page","link":"https:\/\/balikasa.com\/?page_id=2798","title":{"rendered":"Paquetes de muebles"},"content":{"rendered":"\t\t<div data-elementor-type=\"wp-page\" data-elementor-id=\"2798\" class=\"elementor elementor-2798\">\n\t\t\t\t\t\t\t<div class=\"elementor-element elementor-element-477b2e4 e-con-full e-flex e-con e-parent\" data-id=\"477b2e4\" data-element_type=\"container\" data-settings=\"{&quot;content_width&quot;:&quot;full&quot;,&quot;shape_divider_top&quot;:&quot;mountains&quot;}\" data-core-v316-plus=\"true\">\n\t\t\t\t<div class=\"elementor-shape elementor-shape-top\" data-negative=\"false\">\n\t\t\t<svg xmlns=\"http:\/\/www.w3.org\/2000\/svg\" viewBox=\"0 0 1000 100\" preserveAspectRatio=\"none\">\n\t<path class=\"elementor-shape-fill\" opacity=\"0.33\" d=\"M473,67.3c-203.9,88.3-263.1-34-320.3,0C66,119.1,0,59.7,0,59.7V0h1000v59.7 c0,0-62.1,26.1-94.9,29.3c-32.8,3.3-62.8-12.3-75.8-22.1C806,49.6,745.3,8.7,694.9,4.7S492.4,59,473,67.3z\"\/>\n\t<path class=\"elementor-shape-fill\" opacity=\"0.66\" d=\"M734,67.3c-45.5,0-77.2-23.2-129.1-39.1c-28.6-8.7-150.3-10.1-254,39.1 s-91.7-34.4-149.2,0C115.7,118.3,0,39.8,0,39.8V0h1000v36.5c0,0-28.2-18.5-92.1-18.5C810.2,18.1,775.7,67.3,734,67.3z\"\/>\n\t<path class=\"elementor-shape-fill\" d=\"M766.1,28.9c-200-57.5-266,65.5-395.1,19.5C242,1.8,242,5.4,184.8,20.6C128,35.8,132.3,44.9,89.9,52.5C28.6,63.7,0,0,0,0 h1000c0,0-9.9,40.9-83.6,48.1S829.6,47,766.1,28.9z\"\/>\n<\/svg>\t\t<\/div>\n\t\t\t\t<div class=\"elementor-element elementor-element-ff075ab elementor-widget elementor-widget-heading\" data-id=\"ff075ab\" data-element_type=\"widget\" data-widget_type=\"heading.default\">\n\t\t\t\t<div class=\"elementor-widget-container\">\n\t\t\t<style>\/*! elementor - v3.18.0 - 20-12-2023 *\/\n.elementor-heading-title{padding:0;margin:0;line-height:1}.elementor-widget-heading .elementor-heading-title[class*=elementor-size-]>a{color:inherit;font-size:inherit;line-height:inherit}.elementor-widget-heading .elementor-heading-title.elementor-size-small{font-size:15px}.elementor-widget-heading .elementor-heading-title.elementor-size-medium{font-size:19px}.elementor-widget-heading .elementor-heading-title.elementor-size-large{font-size:29px}.elementor-widget-heading .elementor-heading-title.elementor-size-xl{font-size:39px}.elementor-widget-heading .elementor-heading-title.elementor-size-xxl{font-size:59px}<\/style><h2 class=\"elementor-heading-title elementor-size-default\">Muebles con Estilo y Calidad, Dise\u00f1ados para Impresionar<\/h2>\t\t<\/div>\n\t\t\t\t<\/div>\n\t\t\t\t<div class=\"elementor-element elementor-element-1d54c5e elementor-widget elementor-widget-text-editor\" data-id=\"1d54c5e\" data-element_type=\"widget\" data-widget_type=\"text-editor.default\">\n\t\t\t\t<div class=\"elementor-widget-container\">\n\t\t\t<style>\/*! elementor - v3.18.0 - 20-12-2023 *\/\n.elementor-widget-text-editor.elementor-drop-cap-view-stacked .elementor-drop-cap{background-color:#69727d;color:#fff}.elementor-widget-text-editor.elementor-drop-cap-view-framed .elementor-drop-cap{color:#69727d;border:3px solid;background-color:transparent}.elementor-widget-text-editor:not(.elementor-drop-cap-view-default) .elementor-drop-cap{margin-top:8px}.elementor-widget-text-editor:not(.elementor-drop-cap-view-default) .elementor-drop-cap-letter{width:1em;height:1em}.elementor-widget-text-editor .elementor-drop-cap{float:left;text-align:center;line-height:1;font-size:50px}.elementor-widget-text-editor .elementor-drop-cap-letter{display:inline-block}<\/style>\t\t\t\t<p>En Balikasa, ofrecemos soluciones de mobiliario de alta calidad para desarrolladores de apartamentos, villas y hoteles en la Rep\u00fablica Dominicana. Nuestros muebles, hechos a mano por artesanos en Indonesia con madera de teca, combinan elegancia, durabilidad y personalizaci\u00f3n.<\/p><p>Sabemos que cada proyecto es \u00fanico. Por eso, adaptamos el estilo de nuestros muebles a tus necesidades, sin perder la esencia que nos define. Adem\u00e1s, ofrecemos servicios adicionales como dise\u00f1o de interiores y montaje, asegurando una experiencia integral y sin complicaciones.<\/p><p>Con precios accesibles y una calidad incomparable, somos tu aliado para crear espacios que inspiran. Aqui les tenemos algunos ejemplos:<\/p>\t\t\t\t\t\t<\/div>\n\t\t\t\t<\/div>\n\t\t\t\t<div class=\"elementor-element elementor-element-9adb5a7 elementor-widget elementor-widget-heading\" data-id=\"9adb5a7\" data-element_type=\"widget\" data-widget_type=\"heading.default\">\n\t\t\t\t<div class=\"elementor-widget-container\">\n\t\t\t<h2 class=\"elementor-heading-title elementor-size-default\">Manduk: Elegancia Natural en Cada Detalle<\/h2>\t\t<\/div>\n\t\t\t\t<\/div>\n\t\t\t\t<div class=\"elementor-element elementor-element-e702bc6 elementor-widget elementor-widget-text-editor\" data-id=\"e702bc6\" data-element_type=\"widget\" data-widget_type=\"text-editor.default\">\n\t\t\t\t<div class=\"elementor-widget-container\">\n\t\t\t\t\t\t\t<p>El paquete Manduk combina la calidez de los tonos de madera natural con la sofisticaci\u00f3n del color negro, creando un equilibrio perfecto entre modernidad y autenticidad. Dise\u00f1ado para proyectos que buscan destacar con estilo y calidad, Manduk ofrece piezas \u00fanicas hechas a mano con la esencia artesanal de Indonesia.<\/p>\t\t\t\t\t\t<\/div>\n\t\t\t\t<\/div>\n\t\t\t\t<\/div>\n\t\t<div class=\"elementor-element elementor-element-55f1451 e-con-full e-flex e-con e-parent\" data-id=\"55f1451\" data-element_type=\"container\" data-settings=\"{&quot;content_width&quot;:&quot;full&quot;,&quot;background_background&quot;:&quot;gradient&quot;}\" data-core-v316-plus=\"true\">\n\t\t\t\t<div class=\"elementor-element elementor-element-71ecf91 elementor-position-top elementor-widget elementor-widget-image-box\" data-id=\"71ecf91\" data-element_type=\"widget\" data-widget_type=\"image-box.default\">\n\t\t\t\t<div class=\"elementor-widget-container\">\n\t\t\t<style>\/*! elementor - v3.18.0 - 20-12-2023 *\/\n.elementor-widget-image-box .elementor-image-box-content{width:100%}@media (min-width:768px){.elementor-widget-image-box.elementor-position-left .elementor-image-box-wrapper,.elementor-widget-image-box.elementor-position-right .elementor-image-box-wrapper{display:flex}.elementor-widget-image-box.elementor-position-right .elementor-image-box-wrapper{text-align:right;flex-direction:row-reverse}.elementor-widget-image-box.elementor-position-left .elementor-image-box-wrapper{text-align:left;flex-direction:row}.elementor-widget-image-box.elementor-position-top .elementor-image-box-img{margin:auto}.elementor-widget-image-box.elementor-vertical-align-top .elementor-image-box-wrapper{align-items:flex-start}.elementor-widget-image-box.elementor-vertical-align-middle .elementor-image-box-wrapper{align-items:center}.elementor-widget-image-box.elementor-vertical-align-bottom .elementor-image-box-wrapper{align-items:flex-end}}@media (max-width:767px){.elementor-widget-image-box .elementor-image-box-img{margin-left:auto!important;margin-right:auto!important;margin-bottom:15px}}.elementor-widget-image-box .elementor-image-box-img{display:inline-block}.elementor-widget-image-box .elementor-image-box-title a{color:inherit}.elementor-widget-image-box .elementor-image-box-wrapper{text-align:center}.elementor-widget-image-box .elementor-image-box-description{margin:0}<\/style><div class=\"elementor-image-box-wrapper\"><figure class=\"elementor-image-box-img\"><img fetchpriority=\"high\" decoding=\"async\" width=\"1080\" height=\"1269\" src=\"https:\/\/balikasa.com\/wp-content\/uploads\/2024\/12\/mesaredondaconsillanegra.jpg\" class=\"elementor-animation-grow attachment-full size-full wp-image-2772\" alt=\"\" srcset=\"https:\/\/balikasa.com\/wp-content\/uploads\/2024\/12\/mesaredondaconsillanegra.jpg 1080w, https:\/\/balikasa.com\/wp-content\/uploads\/2024\/12\/mesaredondaconsillanegra-255x300.jpg 255w, https:\/\/balikasa.com\/wp-content\/uploads\/2024\/12\/mesaredondaconsillanegra-871x1024.jpg 871w, https:\/\/balikasa.com\/wp-content\/uploads\/2024\/12\/mesaredondaconsillanegra-768x902.jpg 768w\" sizes=\"(max-width: 1080px) 100vw, 1080px\" \/><\/figure><div class=\"elementor-image-box-content\"><h3 class=\"elementor-image-box-title\">Mesa en madera Teca<\/h3><p class=\"elementor-image-box-description\">Mesa redonda de 120 cm color natural.<\/p><\/div><\/div>\t\t<\/div>\n\t\t\t\t<\/div>\n\t\t\t\t<div class=\"elementor-element elementor-element-5f7248d elementor-position-top elementor-widget elementor-widget-image-box\" data-id=\"5f7248d\" data-element_type=\"widget\" data-widget_type=\"image-box.default\">\n\t\t\t\t<div class=\"elementor-widget-container\">\n\t\t\t<div class=\"elementor-image-box-wrapper\"><figure class=\"elementor-image-box-img\"><img decoding=\"async\" width=\"628\" height=\"500\" src=\"https:\/\/balikasa.com\/wp-content\/uploads\/2025\/02\/diningchairnegra2025.jpg\" class=\"elementor-animation-grow attachment-full size-full wp-image-2836\" alt=\"\" srcset=\"https:\/\/balikasa.com\/wp-content\/uploads\/2025\/02\/diningchairnegra2025.jpg 628w, https:\/\/balikasa.com\/wp-content\/uploads\/2025\/02\/diningchairnegra2025-300x239.jpg 300w\" sizes=\"(max-width: 628px) 100vw, 628px\" \/><\/figure><div class=\"elementor-image-box-content\"><h3 class=\"elementor-image-box-title\">Silla Manduk<\/h3><p class=\"elementor-image-box-description\">4 sillas en madera teca color natural y cuerda en color negro.<\/p><\/div><\/div>\t\t<\/div>\n\t\t\t\t<\/div>\n\t\t\t\t<div class=\"elementor-element elementor-element-aac43c2 elementor-position-top elementor-widget elementor-widget-image-box\" data-id=\"aac43c2\" data-element_type=\"widget\" data-widget_type=\"image-box.default\">\n\t\t\t\t<div class=\"elementor-widget-container\">\n\t\t\t<div class=\"elementor-image-box-wrapper\"><figure class=\"elementor-image-box-img\"><img decoding=\"async\" width=\"1080\" height=\"1080\" src=\"https:\/\/balikasa.com\/wp-content\/uploads\/2024\/12\/15.png\" class=\"elementor-animation-grow attachment-full size-full wp-image-2794\" alt=\"\" srcset=\"https:\/\/balikasa.com\/wp-content\/uploads\/2024\/12\/15.png 1080w, https:\/\/balikasa.com\/wp-content\/uploads\/2024\/12\/15-300x300.png 300w, https:\/\/balikasa.com\/wp-content\/uploads\/2024\/12\/15-1024x1024.png 1024w, https:\/\/balikasa.com\/wp-content\/uploads\/2024\/12\/15-150x150.png 150w, https:\/\/balikasa.com\/wp-content\/uploads\/2024\/12\/15-768x768.png 768w\" sizes=\"(max-width: 1080px) 100vw, 1080px\" \/><\/figure><div class=\"elementor-image-box-content\"><h3 class=\"elementor-image-box-title\">Lampara Apolo<\/h3><p class=\"elementor-image-box-description\">3 Lamparas de 50 y 60 Cm en Rattan y madera Teca.<\/p><\/div><\/div>\t\t<\/div>\n\t\t\t\t<\/div>\n\t\t\t\t<div class=\"elementor-element elementor-element-3a59e75 elementor-position-top elementor-widget elementor-widget-image-box\" data-id=\"3a59e75\" data-element_type=\"widget\" data-widget_type=\"image-box.default\">\n\t\t\t\t<div class=\"elementor-widget-container\">\n\t\t\t<div class=\"elementor-image-box-wrapper\"><figure class=\"elementor-image-box-img\"><img loading=\"lazy\" decoding=\"async\" width=\"1006\" height=\"900\" src=\"https:\/\/balikasa.com\/wp-content\/uploads\/2025\/02\/credenzanegra.jpg\" class=\"elementor-animation-grow attachment-full size-full wp-image-2839\" alt=\"\" srcset=\"https:\/\/balikasa.com\/wp-content\/uploads\/2025\/02\/credenzanegra.jpg 1006w, https:\/\/balikasa.com\/wp-content\/uploads\/2025\/02\/credenzanegra-300x268.jpg 300w, https:\/\/balikasa.com\/wp-content\/uploads\/2025\/02\/credenzanegra-768x687.jpg 768w\" sizes=\"(max-width: 1006px) 100vw, 1006px\" \/><\/figure><div class=\"elementor-image-box-content\"><h3 class=\"elementor-image-box-title\">Credenza Manduk<\/h3><p class=\"elementor-image-box-description\">Credenza de 160 Cm x 40 Cm en madera Teca con puertas entallada a mano.<\/p><\/div><\/div>\t\t<\/div>\n\t\t\t\t<\/div>\n\t\t\t\t<div class=\"elementor-element elementor-element-f884c55 elementor-position-top elementor-widget elementor-widget-image-box\" data-id=\"f884c55\" data-element_type=\"widget\" data-widget_type=\"image-box.default\">\n\t\t\t\t<div class=\"elementor-widget-container\">\n\t\t\t<div class=\"elementor-image-box-wrapper\"><figure class=\"elementor-image-box-img\"><img loading=\"lazy\" decoding=\"async\" width=\"573\" height=\"500\" src=\"https:\/\/balikasa.com\/wp-content\/uploads\/2025\/03\/sofanegrorope.jpg\" class=\"elementor-animation-grow attachment-full size-full wp-image-2859\" alt=\"\" srcset=\"https:\/\/balikasa.com\/wp-content\/uploads\/2025\/03\/sofanegrorope.jpg 573w, https:\/\/balikasa.com\/wp-content\/uploads\/2025\/03\/sofanegrorope-300x262.jpg 300w\" sizes=\"(max-width: 573px) 100vw, 573px\" \/><\/figure><div class=\"elementor-image-box-content\"><h3 class=\"elementor-image-box-title\">Sofa Manduk<\/h3><p class=\"elementor-image-box-description\">Sofa de 3 plazas en madera Saman color natural y cuerda color negro. Cojines en color off white.<\/p><\/div><\/div>\t\t<\/div>\n\t\t\t\t<\/div>\n\t\t\t\t<div class=\"elementor-element elementor-element-d58f469 elementor-position-top elementor-widget elementor-widget-image-box\" data-id=\"d58f469\" data-element_type=\"widget\" data-widget_type=\"image-box.default\">\n\t\t\t\t<div class=\"elementor-widget-container\">\n\t\t\t<div class=\"elementor-image-box-wrapper\"><figure class=\"elementor-image-box-img\"><img loading=\"lazy\" decoding=\"async\" width=\"500\" height=\"500\" src=\"https:\/\/balikasa.com\/wp-content\/uploads\/2025\/03\/lazychairblackrope.jpg\" class=\"elementor-animation-grow attachment-full size-full wp-image-2872\" alt=\"\" srcset=\"https:\/\/balikasa.com\/wp-content\/uploads\/2025\/03\/lazychairblackrope.jpg 500w, https:\/\/balikasa.com\/wp-content\/uploads\/2025\/03\/lazychairblackrope-300x300.jpg 300w, https:\/\/balikasa.com\/wp-content\/uploads\/2025\/03\/lazychairblackrope-150x150.jpg 150w\" sizes=\"(max-width: 500px) 100vw, 500px\" \/><\/figure><div class=\"elementor-image-box-content\"><h3 class=\"elementor-image-box-title\">Lazy Chair Manduk<\/h3><p class=\"elementor-image-box-description\">2 lazy chair  en madera Teca color natural y cordon negro<\/p><\/div><\/div>\t\t<\/div>\n\t\t\t\t<\/div>\n\t\t\t\t<div class=\"elementor-element elementor-element-6dad0af elementor-position-top elementor-widget elementor-widget-image-box\" data-id=\"6dad0af\" data-element_type=\"widget\" data-widget_type=\"image-box.default\">\n\t\t\t\t<div class=\"elementor-widget-container\">\n\t\t\t<div class=\"elementor-image-box-wrapper\"><figure class=\"elementor-image-box-img\"><img loading=\"lazy\" decoding=\"async\" width=\"510\" height=\"500\" src=\"https:\/\/balikasa.com\/wp-content\/uploads\/2025\/02\/mesitadoble2025.jpg\" class=\"elementor-animation-grow attachment-full size-full wp-image-2837\" alt=\"\" srcset=\"https:\/\/balikasa.com\/wp-content\/uploads\/2025\/02\/mesitadoble2025.jpg 510w, https:\/\/balikasa.com\/wp-content\/uploads\/2025\/02\/mesitadoble2025-300x294.jpg 300w\" sizes=\"(max-width: 510px) 100vw, 510px\" \/><\/figure><div class=\"elementor-image-box-content\"><h3 class=\"elementor-image-box-title\">Mesa de centro Manduk<\/h3><p class=\"elementor-image-box-description\">2 mesitas de centro en madera Teca en color negro, completamente entallada a mano.<\/p><\/div><\/div>\t\t<\/div>\n\t\t\t\t<\/div>\n\t\t\t\t<div class=\"elementor-element elementor-element-a6f4d66 elementor-position-top elementor-widget elementor-widget-image-box\" data-id=\"a6f4d66\" data-element_type=\"widget\" data-widget_type=\"image-box.default\">\n\t\t\t\t<div class=\"elementor-widget-container\">\n\t\t\t<div class=\"elementor-image-box-wrapper\"><figure class=\"elementor-image-box-img\"><img loading=\"lazy\" decoding=\"async\" width=\"492\" height=\"500\" src=\"https:\/\/balikasa.com\/wp-content\/uploads\/2025\/02\/Manduk-Alfombra.jpg\" class=\"elementor-animation-grow attachment-full size-full wp-image-2852\" alt=\"\" srcset=\"https:\/\/balikasa.com\/wp-content\/uploads\/2025\/02\/Manduk-Alfombra.jpg 492w, https:\/\/balikasa.com\/wp-content\/uploads\/2025\/02\/Manduk-Alfombra-295x300.jpg 295w\" sizes=\"(max-width: 492px) 100vw, 492px\" \/><\/figure><div class=\"elementor-image-box-content\"><h3 class=\"elementor-image-box-title\">Alfombra en seagrass y fibra natural<\/h3><p class=\"elementor-image-box-description\">1 Alfombra redonda de 160 Cm.<\/p><\/div><\/div>\t\t<\/div>\n\t\t\t\t<\/div>\n\t\t\t\t<div class=\"elementor-element elementor-element-8f521dc elementor-position-top elementor-widget elementor-widget-image-box\" data-id=\"8f521dc\" data-element_type=\"widget\" data-widget_type=\"image-box.default\">\n\t\t\t\t<div class=\"elementor-widget-container\">\n\t\t\t<div class=\"elementor-image-box-wrapper\"><figure class=\"elementor-image-box-img\"><img loading=\"lazy\" decoding=\"async\" width=\"433\" height=\"500\" src=\"https:\/\/balikasa.com\/wp-content\/uploads\/2025\/03\/lanternanegra.jpg\" class=\"elementor-animation-grow attachment-full size-full wp-image-2868\" alt=\"\" srcset=\"https:\/\/balikasa.com\/wp-content\/uploads\/2025\/03\/lanternanegra.jpg 433w, https:\/\/balikasa.com\/wp-content\/uploads\/2025\/03\/lanternanegra-260x300.jpg 260w\" sizes=\"(max-width: 433px) 100vw, 433px\" \/><\/figure><div class=\"elementor-image-box-content\"><h3 class=\"elementor-image-box-title\">Linterna Manduk<\/h3><p class=\"elementor-image-box-description\">2 Linternas decorativa en rattan negro.<\/p><\/div><\/div>\t\t<\/div>\n\t\t\t\t<\/div>\n\t\t\t\t<div class=\"elementor-element elementor-element-b1f74e7 elementor-position-top elementor-widget elementor-widget-image-box\" data-id=\"b1f74e7\" data-element_type=\"widget\" data-widget_type=\"image-box.default\">\n\t\t\t\t<div class=\"elementor-widget-container\">\n\t\t\t<div class=\"elementor-image-box-wrapper\"><figure class=\"elementor-image-box-img\"><img loading=\"lazy\" decoding=\"async\" width=\"500\" height=\"345\" src=\"https:\/\/balikasa.com\/wp-content\/uploads\/2025\/03\/camaespaldartela2.jpg\" class=\"elementor-animation-grow attachment-full size-full wp-image-2897\" alt=\"\" srcset=\"https:\/\/balikasa.com\/wp-content\/uploads\/2025\/03\/camaespaldartela2.jpg 500w, https:\/\/balikasa.com\/wp-content\/uploads\/2025\/03\/camaespaldartela2-300x207.jpg 300w\" sizes=\"(max-width: 500px) 100vw, 500px\" \/><\/figure><div class=\"elementor-image-box-content\"><h3 class=\"elementor-image-box-title\">Cama Manduk<\/h3><p class=\"elementor-image-box-description\">1 cama queen en madera Teca y  espaldal en tela.<\/p><\/div><\/div>\t\t<\/div>\n\t\t\t\t<\/div>\n\t\t\t\t<div class=\"elementor-element elementor-element-6a2f783 elementor-position-top elementor-widget elementor-widget-image-box\" data-id=\"6a2f783\" data-element_type=\"widget\" data-widget_type=\"image-box.default\">\n\t\t\t\t<div class=\"elementor-widget-container\">\n\t\t\t<div class=\"elementor-image-box-wrapper\"><figure class=\"elementor-image-box-img\"><img loading=\"lazy\" decoding=\"async\" width=\"500\" height=\"591\" src=\"https:\/\/balikasa.com\/wp-content\/uploads\/2025\/03\/mesitadenochenegra-1.jpg\" class=\"elementor-animation-grow attachment-full size-full wp-image-2861\" alt=\"\" srcset=\"https:\/\/balikasa.com\/wp-content\/uploads\/2025\/03\/mesitadenochenegra-1.jpg 500w, https:\/\/balikasa.com\/wp-content\/uploads\/2025\/03\/mesitadenochenegra-1-254x300.jpg 254w\" sizes=\"(max-width: 500px) 100vw, 500px\" \/><\/figure><div class=\"elementor-image-box-content\"><h3 class=\"elementor-image-box-title\">Mesita Manduk<\/h3><p class=\"elementor-image-box-description\">2 Mesitas de noche en madera Saman color negro.<\/p><\/div><\/div>\t\t<\/div>\n\t\t\t\t<\/div>\n\t\t\t\t<div class=\"elementor-element elementor-element-ef7cf03 elementor-position-top elementor-widget elementor-widget-image-box\" data-id=\"ef7cf03\" data-element_type=\"widget\" data-widget_type=\"image-box.default\">\n\t\t\t\t<div class=\"elementor-widget-container\">\n\t\t\t<div class=\"elementor-image-box-wrapper\"><figure class=\"elementor-image-box-img\"><img loading=\"lazy\" decoding=\"async\" width=\"499\" height=\"500\" src=\"https:\/\/balikasa.com\/wp-content\/uploads\/2025\/03\/cerminragunh-1.jpg\" class=\"elementor-animation-grow attachment-full size-full wp-image-2867\" alt=\"\" srcset=\"https:\/\/balikasa.com\/wp-content\/uploads\/2025\/03\/cerminragunh-1.jpg 499w, https:\/\/balikasa.com\/wp-content\/uploads\/2025\/03\/cerminragunh-1-300x300.jpg 300w, https:\/\/balikasa.com\/wp-content\/uploads\/2025\/03\/cerminragunh-1-150x150.jpg 150w\" sizes=\"(max-width: 499px) 100vw, 499px\" \/><\/figure><div class=\"elementor-image-box-content\"><h3 class=\"elementor-image-box-title\">Espejo Cermin Rangun<\/h3><p class=\"elementor-image-box-description\">1 Espejo en fibra natural de 100 Cm.<\/p><\/div><\/div>\t\t<\/div>\n\t\t\t\t<\/div>\n\t\t\t\t<\/div>\n\t\t<div class=\"elementor-element elementor-element-71aaf07 e-flex e-con-boxed e-con e-parent\" data-id=\"71aaf07\" data-element_type=\"container\" data-settings=\"{&quot;content_width&quot;:&quot;boxed&quot;}\" data-core-v316-plus=\"true\">\n\t\t\t\t\t<div class=\"e-con-inner\">\n\t\t\t\t<div class=\"elementor-element elementor-element-ba5cc57 elementor-align-center elementor-widget elementor-widget-button\" data-id=\"ba5cc57\" data-element_type=\"widget\" data-widget_type=\"button.default\">\n\t\t\t\t<div class=\"elementor-widget-container\">\n\t\t\t\t\t<div class=\"elementor-button-wrapper\">\n\t\t\t<a class=\"elementor-button elementor-button-link elementor-size-md\" href=\"#\">\n\t\t\t\t\t\t<span class=\"elementor-button-content-wrapper\">\n\t\t\t\t\t\t<span class=\"elementor-button-text\">Precios exclusivos para desarrolladores<\/span>\n\t\t<\/span>\n\t\t\t\t\t<\/a>\n\t\t<\/div>\n\t\t\t\t<\/div>\n\t\t\t\t<\/div>\n\t\t\t\t\t<\/div>\n\t\t\t\t<\/div>\n\t\t<div class=\"elementor-element elementor-element-e82b6f0 e-con-full e-flex e-con e-parent\" data-id=\"e82b6f0\" data-element_type=\"container\" data-settings=\"{&quot;content_width&quot;:&quot;full&quot;,&quot;background_background&quot;:&quot;classic&quot;}\" data-core-v316-plus=\"true\">\n\t\t\t\t<div class=\"elementor-element elementor-element-276fd9d elementor-widget elementor-widget-heading\" data-id=\"276fd9d\" data-element_type=\"widget\" data-widget_type=\"heading.default\">\n\t\t\t\t<div class=\"elementor-widget-container\">\n\t\t\t<h2 class=\"elementor-heading-title elementor-size-default\">Sanur : Artesania y Estilo que Perduran<\/h2>\t\t<\/div>\n\t\t\t\t<\/div>\n\t\t\t\t<div class=\"elementor-element elementor-element-042397b elementor-widget elementor-widget-text-editor\" data-id=\"042397b\" data-element_type=\"widget\" data-widget_type=\"text-editor.default\">\n\t\t\t\t<div class=\"elementor-widget-container\">\n\t\t\t\t\t\t\t<p>El paquete Sanur captura la esencia de Bali con un diseno moderno y atemporal. Cada pieza, elaborada en madera Teca en su tono natural, cuenta con detalles tallados a mano que realzan su belleza y autenticidad. Un estilo que trasciende el tiempo.<\/p>\t\t\t\t\t\t<\/div>\n\t\t\t\t<\/div>\n\t\t\t\t<\/div>\n\t\t\t\t\t\t\t<\/div>\n\t\t","protected":false},"excerpt":{"rendered":"<p>Muebles con Estilo y Calidad, Dise\u00f1ados para Impresionar En Balikasa, ofrecemos soluciones de mobiliario de alta calidad para desarrolladores de apartamentos, villas y hoteles en la Rep\u00fablica Dominicana. Nuestros muebles, hechos a mano por artesanos en Indonesia con madera de teca, combinan elegancia, durabilidad y personalizaci\u00f3n. Sabemos que cada proyecto es \u00fanico. Por eso, adaptamos &hellip;<\/p>\n<p class=\"read-more\"> <a class=\"\" href=\"https:\/\/balikasa.com\/?page_id=2798\"> <span class=\"screen-reader-text\">Paquetes de muebles<\/span> Leer m\u00e1s &raquo;<\/a><\/p>\n","protected":false},"author":1,"featured_media":0,"parent":0,"menu_order":0,"comment_status":"closed","ping_status":"closed","template":"","meta":{"site-sidebar-layout":"no-sidebar","site-content-layout":"page-builder","ast-site-content-layout":"full-width-container","site-content-style":"default","site-sidebar-style":"default","ast-global-header-display":"","ast-banner-title-visibility":"","ast-main-header-display":"","ast-hfb-above-header-display":"","ast-hfb-below-header-display":"","ast-hfb-mobile-header-display":"","site-post-title":"disabled","ast-breadcrumbs-content":"","ast-featured-img":"disabled","footer-sml-layout":"","theme-transparent-header-meta":"","adv-header-id-meta":"","stick-header-meta":"","header-above-stick-meta":"","header-main-stick-meta":"","header-below-stick-meta":"","astra-migrate-meta-layouts":"default","ast-page-background-enabled":"default","ast-page-background-meta":{"desktop":{"background-color":"var(--ast-global-color-4)","background-image":"","background-repeat":"repeat","background-position":"center center","background-size":"auto","background-attachment":"scroll","background-type":"","background-media":"","overlay-type":"","overlay-color":"","overlay-gradient":""},"tablet":{"background-color":"","background-image":"","background-repeat":"repeat","background-position":"center center","background-size":"auto","background-attachment":"scroll","background-type":"","background-media":"","overlay-type":"","overlay-color":"","overlay-gradient":""},"mobile":{"background-color":"","background-image":"","background-repeat":"repeat","background-position":"center center","background-size":"auto","background-attachment":"scroll","background-type":"","background-media":"","overlay-type":"","overlay-color":"","overlay-gradient":""}},"ast-content-background-meta":{"desktop":{"background-color":"var(--ast-global-color-5)","background-image":"","background-repeat":"repeat","background-position":"center center","background-size":"auto","background-attachment":"scroll","background-type":"","background-media":"","overlay-type":"","overlay-color":"","overlay-gradient":""},"tablet":{"background-color":"var(--ast-global-color-5)","background-image":"","background-repeat":"repeat","background-position":"center center","background-size":"auto","background-attachment":"scroll","background-type":"","background-media":"","overlay-type":"","overlay-color":"","overlay-gradient":""},"mobile":{"background-color":"var(--ast-global-color-5)","background-image":"","background-repeat":"repeat","background-position":"center center","background-size":"auto","background-attachment":"scroll","background-type":"","background-media":"","overlay-type":"","overlay-color":"","overlay-gradient":""}},"_joinchat":[],"footnotes":""},"class_list":["post-2798","page","type-page","status-publish","hentry"],"_links":{"self":[{"href":"https:\/\/balikasa.com\/index.php?rest_route=\/wp\/v2\/pages\/2798","targetHints":{"allow":["GET"]}}],"collection":[{"href":"https:\/\/balikasa.com\/index.php?rest_route=\/wp\/v2\/pages"}],"about":[{"href":"https:\/\/balikasa.com\/index.php?rest_route=\/wp\/v2\/types\/page"}],"author":[{"embeddable":true,"href":"https:\/\/balikasa.com\/index.php?rest_route=\/wp\/v2\/users\/1"}],"replies":[{"embeddable":true,"href":"https:\/\/balikasa.com\/index.php?rest_route=%2Fwp%2Fv2%2Fcomments&post=2798"}],"version-history":[{"count":64,"href":"https:\/\/balikasa.com\/index.php?rest_route=\/wp\/v2\/pages\/2798\/revisions"}],"predecessor-version":[{"id":2904,"href":"https:\/\/balikasa.com\/index.php?rest_route=\/wp\/v2\/pages\/2798\/revisions\/2904"}],"wp:attachment":[{"href":"https:\/\/balikasa.com\/index.php?rest_route=%2Fwp%2Fv2%2Fmedia&parent=2798"}],"curies":[{"name":"wp","href":"https:\/\/api.w.org\/{rel}","templated":true}]}}